{"id":61,"date":"2015-01-16T15:31:44","date_gmt":"2015-01-16T21:31:44","guid":{"rendered":"http:\/\/club.kd0qyr.com\/?page_id=61"},"modified":"2026-01-21T14:06:22","modified_gmt":"2026-01-21T20:06:22","slug":"officers","status":"publish","type":"page","link":"http:\/\/52.87.71.122\/?page_id=61","title":{"rendered":"Officers"},"content":{"rendered":"<p>Officers are elected yearly at our January meeting. Board members are a two year term and officers are a one year term.<\/p>\n<h4>2026 Officers:<\/h4>\n<p>President: Adam Zimmel (W<span class=\"s17\">\u00d8<\/span>ZML)<br \/>Vice President: Byron Olson (W<span class=\"s17\">\u00d8<\/span>WB)<br \/>Secretary: Will Gravning (KE<span class=\"s17\">\u00d8<\/span>Z)<br \/>Treasurer: Christine Bower (N<span class=\"s17\">\u00d8<\/span>PEJ)<\/p>\n<h4>Board Members:<\/h4>\n<p>Rick Eissinger\u00a0(NX<span class=\"s17\">\u00d8<\/span>Z) &#8211; Year 1<br \/>Steve Kittelsrud (KB<span class=\"s17\">\u00d8<\/span>WSV) &#8211; Year 2<\/p>\n\n\n<p>Jonathan Fick (KE\u00d8YBL) &#8211; Year 1<br>Vince Nesheim (KC\u00d8MBB) &#8211; Year 2<\/p>\n\n\n\n<p>Net Manager: James Donato (KD2UHP)<\/p>\n\n\n\n<p><\/p>\n","protected":false},"excerpt":{"rendered":"<p>Officers are elected yearly at our January meeting. Board members are a two year term and officers are a one year term. 2026 Officers: President: Adam Zimmel (W\u00d8ZML)Vice President: Byron Olson (W\u00d8WB)Secretary: Will Gravning (KE\u00d8Z)Treasurer: Christine Bower (N\u00d8PEJ) Board Members: <a class=\"more-link\" href=\"http:\/\/52.87.71.122\/?page_id=61\">Continue reading <span class=\"screen-reader-text\">  Officers<\/span><span class=\"meta-nav\">&rarr;<\/span><\/a><\/p>\n","protected":false},"author":2,"featured_media":0,"parent":29,"menu_order":0,"comment_status":"closed","ping_status":"open","template":"","meta":{"jetpack_post_was_ever_published":false,"footnotes":""},"class_list":["post-61","page","type-page","status-publish","hentry"],"jetpack_sharing_enabled":true,"jetpack_shortlink":"https:\/\/wp.me\/PeQruS-Z","_links":{"self":[{"href":"http:\/\/52.87.71.122\/index.php?rest_route=\/wp\/v2\/pages\/61","targetHints":{"allow":["GET"]}}],"collection":[{"href":"http:\/\/52.87.71.122\/index.php?rest_route=\/wp\/v2\/pages"}],"about":[{"href":"http:\/\/52.87.71.122\/index.php?rest_route=\/wp\/v2\/types\/page"}],"author":[{"embeddable":true,"href":"http:\/\/52.87.71.122\/index.php?rest_route=\/wp\/v2\/users\/2"}],"replies":[{"embeddable":true,"href":"http:\/\/52.87.71.122\/index.php?rest_route=%2Fwp%2Fv2%2Fcomments&post=61"}],"version-history":[{"count":14,"href":"http:\/\/52.87.71.122\/index.php?rest_route=\/wp\/v2\/pages\/61\/revisions"}],"predecessor-version":[{"id":906,"href":"http:\/\/52.87.71.122\/index.php?rest_route=\/wp\/v2\/pages\/61\/revisions\/906"}],"up":[{"embeddable":true,"href":"http:\/\/52.87.71.122\/index.php?rest_route=\/wp\/v2\/pages\/29"}],"wp:attachment":[{"href":"http:\/\/52.87.71.122\/index.php?rest_route=%2Fwp%2Fv2%2Fmedia&parent=61"}],"curies":[{"name":"wp","href":"https:\/\/api.w.org\/{rel}","templated":true}]}}